{"id":15,"date":"2020-06-04T15:32:03","date_gmt":"2020-06-04T15:32:03","guid":{"rendered":"https:\/\/2020.maihart-design.de\/?page_id=15"},"modified":"2025-10-28T16:49:05","modified_gmt":"2025-10-28T16:49:05","slug":"startseite","status":"publish","type":"page","link":"https:\/\/www.maihart-design.de\/en\/","title":{"rendered":"\u00dcBER"},"content":{"rendered":"\n<div class=\"alignnormal\"><div id=\"metaslider-id-537\" style=\"width: 100%;\" class=\"ml-slider-3-103-0 metaslider metaslider-flex metaslider-537 ml-slider ms-theme-default nav-hidden\" role=\"region\" aria-label=\"Startseite\" data-height=\"402\" data-width=\"1206\">\n    <div id=\"metaslider_container_537\">\n        <div id=\"metaslider_537\">\n            <ul class='slides'>\n                <li style=\"display: block; width: 100%;\" class=\"slide-889 ms-image \" aria-roledescription=\"slide\" data-date=\"2021-08-31 17:35:04\" data-slide-type=\"image\"><img fetchpriority=\"high\" decoding=\"async\" src=\"https:\/\/www.maihart-design.de\/wp-content\/uploads\/START\/START_01_ausstellung-w.jpg\" height=\"402\" width=\"1206\" alt=\"\" class=\"slider-537 slide-889 msDefaultImage\" title=\"START_01_ausstellung-w\" \/><\/li>\n                <li style=\"display: none; width: 100%;\" class=\"slide-890 ms-image \" aria-roledescription=\"slide\" data-date=\"2021-08-31 17:35:10\" data-slide-type=\"image\"><img decoding=\"async\" src=\"https:\/\/www.maihart-design.de\/wp-content\/uploads\/START\/START_02_fabriketage-w.jpg\" height=\"402\" width=\"1206\" alt=\"\" class=\"slider-537 slide-890 msDefaultImage\" title=\"START_02_fabriketage-w\" \/><\/li>\n                <li style=\"display: none; width: 100%;\" class=\"slide-891 ms-image \" aria-roledescription=\"slide\" data-date=\"2021-08-31 17:35:19\" data-slide-type=\"image\"><img decoding=\"async\" src=\"https:\/\/www.maihart-design.de\/wp-content\/uploads\/START\/START_03_schreibtisch-w.jpg\" height=\"402\" width=\"1206\" alt=\"\" class=\"slider-537 slide-891 msDefaultImage\" title=\"START_03_schreibtisch-w\" \/><\/li>\n            <\/ul>\n        <\/div>\n        \n    <\/div>\n<\/div><\/div>\n\n\n\n<div class=\"wp-block-columns is-layout-flex wp-container-core-columns-is-layout-9d6595d7 wp-block-columns-is-layout-flex\">\n<div class=\"wp-block-column is-layout-flow wp-block-column-is-layout-flow\">\n<h2 class=\"wp-block-heading\">PROFIL<\/h2>\n\n\n\n<p>Das Projekt maihart-design arbeitet an der Schnittstelle von Grafik Design und Bildender Kunst mit Auftr\u00e4gen aus den Bereichen: Verlagsprodukte, Museumsmedien, Kulturelle Bildung, soziale Projekte und Konzepte f\u00fcr Medien im Kinder- und Jugendbereich. Ein weiterer Schwerpunkt der Arbeit ist die Entwicklung individueller Designl\u00f6sungen f\u00fcr kleine und mittlere Unternehmen.<\/p>\n<\/div>\n<\/div>\n\n\n\n<div class=\"wp-block-columns is-layout-flex wp-container-core-columns-is-layout-9d6595d7 wp-block-columns-is-layout-flex\">\n<div class=\"wp-block-column spalten-zwischenraum is-layout-flow wp-block-column-is-layout-flow\">\n<p><strong>Am Anfang eines neuen Konzepts stehen meist klare Fragen: <\/strong><br><strong>\u00b7 Was<\/strong> ist das Einzigartige an einer Idee? <br><strong>\u00b7 Wer<\/strong> ist die Zielgruppe? <br>\u00b7 <strong>Wo<\/strong> \u2013 in welchem Umfeld erscheint die Idee? <br><strong>\u00b7 Welche<\/strong> Funktion erf\u00fcllt das Design? Soll es erkl\u00e4ren, verdeutlichen, verpacken, hervorstechen, \u00fcberraschen oder veredeln?<\/p>\n<\/div>\n\n\n\n<div class=\"wp-block-column is-layout-flow wp-block-column-is-layout-flow\">\n<p><strong>maihart-design entwickelt<\/strong>:<br><strong>\u00b7 Printmedien<\/strong> &#8211; Kataloge, Magazine, Plakate, Displays, Faltbl\u00e4tter, Karten, Anzeigen, Verpackungen, Merchandising<br>\u00b7 <strong>Konzepte<\/strong> &#8211; Corporate Design, Logos, Gesch\u00e4ftsausstattungen<br><strong>\u00b7 Webdesign<\/strong> &#8211; responsive Websites, Infografiken, Icons, Banner<\/p>\n<\/div>\n<\/div>\n\n\n\n<div class=\"wp-block-columns is-layout-flex wp-container-core-columns-is-layout-9d6595d7 wp-block-columns-is-layout-flex\">\n<div class=\"wp-block-column is-layout-flow wp-block-column-is-layout-flow\">\n<h2 class=\"wp-block-heading\">\u00dcBER<\/h2>\n\n\n\n<p>Maike Hartwig: Aufgewachsen in Bremen \u00b7 Studium Grafik Design, Hochschule f\u00fcr Bildende K\u00fcnste Bremen, Studienabschluss Diplom \u00b7 Grafikerin und Illustratorin in der Redaktion des Stadtmagazins sowie freie Auftr\u00e4ge \u00b7 Studium Bildende Kunst, HfK Bremen, Stipendium f\u00fcr den Graduierten-Jahrgang Bildende Kunst in Lissabon, Studienabschluss als Meistersch\u00fclerin, HfK Bremen \u00b7 Stipendium Bildende Kunst f\u00fcr die &#8216;Cit\u00e9 des Arts&#8217; Paris \u00b7 Umzug nach Berlin. <br>\u00b7 Bis 2005 Arbeit als bildende K\u00fcnstlerin, Ausstellungen, Teilnahme an Ausschreibungen, nebenberuflich freie Grafik-Auftr\u00e4ge \u00b7 Seit 2006 hauptberuflich als selbstst\u00e4ndige Grafik Designerin t\u00e4tig, Auftr\u00e4ge f\u00fcr Bildungs- und Kulturinstitutionen, soziale Tr\u00e4ger, Verlage, Kunstprojekte und Themenparks.<\/p>\n<\/div>\n<\/div>\n","protected":false},"excerpt":{"rendered":"<p>PROFIL Das Projekt maihart-design arbeitet an der Schnittstelle von Grafik Design und Bildender Kunst mit Auftr\u00e4gen aus den Bereichen: Verlagsprodukte,&hellip;<\/p>\n","protected":false},"author":1,"featured_media":1294,"parent":0,"menu_order":1,"comment_status":"closed","ping_status":"closed","template":"elementor_header_footer","meta":{"footnotes":""},"class_list":{"0":"post-15","1":"page","2":"type-page","3":"status-publish","4":"has-post-thumbnail","6":"entry"},"translation":{"provider":"WPGlobus","version":"3.0.0","language":"en","enabled_languages":["de","en"],"languages":{"de":{"title":true,"content":true,"excerpt":false},"en":{"title":false,"content":false,"excerpt":false}}},"_links":{"self":[{"href":"https:\/\/www.maihart-design.de\/en\/wp-json\/wp\/v2\/pages\/15","targetHints":{"allow":["GET"]}}],"collection":[{"href":"https:\/\/www.maihart-design.de\/en\/wp-json\/wp\/v2\/pages"}],"about":[{"href":"https:\/\/www.maihart-design.de\/en\/wp-json\/wp\/v2\/types\/page"}],"author":[{"embeddable":true,"href":"https:\/\/www.maihart-design.de\/en\/wp-json\/wp\/v2\/users\/1"}],"replies":[{"embeddable":true,"href":"https:\/\/www.maihart-design.de\/en\/wp-json\/wp\/v2\/comments?post=15"}],"version-history":[{"count":244,"href":"https:\/\/www.maihart-design.de\/en\/wp-json\/wp\/v2\/pages\/15\/revisions"}],"predecessor-version":[{"id":1532,"href":"https:\/\/www.maihart-design.de\/en\/wp-json\/wp\/v2\/pages\/15\/revisions\/1532"}],"wp:featuredmedia":[{"embeddable":true,"href":"https:\/\/www.maihart-design.de\/en\/wp-json\/wp\/v2\/media\/1294"}],"wp:attachment":[{"href":"https:\/\/www.maihart-design.de\/en\/wp-json\/wp\/v2\/media?parent=15"}],"curies":[{"name":"wp","href":"https:\/\/api.w.org\/{rel}","templated":true}]}}