{"id":21,"date":"2020-06-04T15:37:59","date_gmt":"2020-06-04T15:37:59","guid":{"rendered":"https:\/\/2020.maihart-design.de\/?page_id=21"},"modified":"2025-10-28T15:40:05","modified_gmt":"2025-10-28T15:40:05","slug":"datenschutzerklaerung","status":"publish","type":"page","link":"https:\/\/www.maihart-design.de\/en\/startseite\/datenschutzerklaerung","title":{"rendered":"IMPRESSUM"},"content":{"rendered":"\n<div class=\"wp-block-columns is-layout-flex wp-container-core-columns-is-layout-9d6595d7 wp-block-columns-is-layout-flex\">\n<div class=\"wp-block-column is-layout-flow wp-block-column-is-layout-flow\">\n<h2 class=\"wp-block-heading\">IMPRESSUM.<br><\/h2>\n\n\n\n<p><br><strong>maihart-design<\/strong><br>Maike Hartwig<br>Grafik + Webdesign<br>K\u00f6penicker Str. 148\/149 (Aufgang A)<br>10997 Berlin<\/p>\n\n\n\n<p>Vertreten durch und inhaltlich verantwortlich: <br>Maike Hartwig<br>mail@maihart-design.de<br>Tel. 030 &#8211; 2096 5622<\/p>\n\n\n\n<p>Programmierung: Karin Schroeder<br><a href=\"http:\/\/iomorph.de\/\" target=\"_blank\" rel=\"noreferrer noopener\"><strong>http:\/\/iomorph.de\/<\/strong><\/a><\/p>\n\n\n\n<p>Fotos: Maike Hartwig, Alexander Korting<\/p>\n\n\n\n<p>\u00a9 2021 Copyright:<br>maihart-design \/ Maike Hartwig<\/p>\n<\/div>\n<\/div>\n\n\n\n<div class=\"wp-block-columns is-layout-flex wp-container-core-columns-is-layout-9d6595d7 wp-block-columns-is-layout-flex\">\n<div class=\"wp-block-column is-layout-flow wp-block-column-is-layout-flow\">\n<h2 class=\"wp-block-heading\">HAFTUNGSAUSSCHLUSS<\/h2>\n\n\n\n<p><strong>Haftung f\u00fcr Inhalte<\/strong><br>Unser Angebot enth\u00e4lt Links zu externen Webseiten Dritter, auf deren Inhalte wir keinen Einfluss haben. Deshalb k\u00f6nnen wir f\u00fcr diese fremden Inhalte auch keine Gew\u00e4hr \u00fcbernehmen. F\u00fcr die Inhalte der verlinkten Seiten ist stets der jeweilige Anbieter oder Betreiber der Seiten verantwortlich. Die verlinkten Seiten wurden zum Zeitpunkt der Verlinkung auf m\u00f6gliche Rechtsverst\u00f6\u00dfe \u00fcberpr\u00fcft.Rechtswidrige Inhalte waren zum Zeitpunkt der Verlinkung nicht erkennbar.<br>Eine permanente inhaltliche Kontrolle der verlinkten Seiten ist jedoch ohne konkrete Anhaltspunkte einer Rechtsverletzung nicht zumutbar. Bei Bekanntwerden von Rechtsverletzungen werden wir derartige Links umgehend entfernen.<\/p>\n<\/div>\n<\/div>\n\n\n\n<div class=\"wp-block-columns is-layout-flex wp-container-core-columns-is-layout-9d6595d7 wp-block-columns-is-layout-flex\">\n<div class=\"wp-block-column is-layout-flow wp-block-column-is-layout-flow\">\n<h2 class=\"wp-block-heading\">URHEBERRECHT<br><\/h2>\n\n\n\n<p>Die durch die Seitenbetreiber erstellten Inhalte und Werke auf diesen Seiten unterliegen dem deutschen Urheberrecht. Die Vervielf\u00e4ltigung, Bearbeitung, Verbreitung und jede Art der Verwertung au\u00dferhalb der Grenzen des Urheberrechtes bed\u00fcrfen der schriftlichen Zustimmung des jeweiligen Autors bzw. Erstellers. Downloads und Kopien dieser Seite sind nur f\u00fcr den privaten, nicht kommerziellen Gebrauch gestattet.<\/p>\n\n\n\n<div class=\"wp-block-columns is-layout-flex wp-container-core-columns-is-layout-9d6595d7 wp-block-columns-is-layout-flex\">\n<div class=\"wp-block-column is-layout-flow wp-block-column-is-layout-flow\">\n<p><\/p>\n<\/div>\n<\/div>\n\n\n\n<div class=\"wp-block-columns is-layout-flex wp-container-core-columns-is-layout-9d6595d7 wp-block-columns-is-layout-flex\"><\/div>\n<\/div>\n<\/div>\n\n\n\n<p><\/p>\n","protected":false},"excerpt":{"rendered":"<p>IMPRESSUM. maihart-designMaike HartwigGrafik + WebdesignK\u00f6penicker Str. 148\/149 (Aufgang A)10997 Berlin Vertreten durch und inhaltlich verantwortlich: Maike Hartwigmail@maihart-design.deTel. 030 &#8211; 2096&hellip;<\/p>\n","protected":false},"author":1,"featured_media":0,"parent":15,"menu_order":7,"comment_status":"closed","ping_status":"closed","template":"elementor_header_footer","meta":{"footnotes":""},"class_list":{"0":"post-21","1":"page","2":"type-page","3":"status-publish","5":"entry"},"translation":{"provider":"WPGlobus","version":"3.0.0","language":"en","enabled_languages":["de","en"],"languages":{"de":{"title":true,"content":true,"excerpt":false},"en":{"title":false,"content":false,"excerpt":false}}},"_links":{"self":[{"href":"https:\/\/www.maihart-design.de\/en\/wp-json\/wp\/v2\/pages\/21","targetHints":{"allow":["GET"]}}],"collection":[{"href":"https:\/\/www.maihart-design.de\/en\/wp-json\/wp\/v2\/pages"}],"about":[{"href":"https:\/\/www.maihart-design.de\/en\/wp-json\/wp\/v2\/types\/page"}],"author":[{"embeddable":true,"href":"https:\/\/www.maihart-design.de\/en\/wp-json\/wp\/v2\/users\/1"}],"replies":[{"embeddable":true,"href":"https:\/\/www.maihart-design.de\/en\/wp-json\/wp\/v2\/comments?post=21"}],"version-history":[{"count":38,"href":"https:\/\/www.maihart-design.de\/en\/wp-json\/wp\/v2\/pages\/21\/revisions"}],"predecessor-version":[{"id":1522,"href":"https:\/\/www.maihart-design.de\/en\/wp-json\/wp\/v2\/pages\/21\/revisions\/1522"}],"up":[{"embeddable":true,"href":"https:\/\/www.maihart-design.de\/en\/wp-json\/wp\/v2\/pages\/15"}],"wp:attachment":[{"href":"https:\/\/www.maihart-design.de\/en\/wp-json\/wp\/v2\/media?parent=21"}],"curies":[{"name":"wp","href":"https:\/\/api.w.org\/{rel}","templated":true}]}}